{"id":993,"date":"2021-03-05T12:35:47","date_gmt":"2021-03-05T11:35:47","guid":{"rendered":"https:\/\/www.acropoleaventure.com\/reservation\/?page_id=993"},"modified":"2025-05-26T15:11:44","modified_gmt":"2025-05-26T13:11:44","slug":"mentions-legales","status":"publish","type":"page","link":"https:\/\/www.acropoleaventure.com\/reservation\/mentions-legales\/","title":{"rendered":"Mentions l\u00e9gales"},"content":{"rendered":"<p>[vc_row hide_bg_image_on_tablet=\u00a0\u00bb\u00a0\u00bb hide_bg_image_on_mobile=\u00a0\u00bb\u00a0\u00bb css=\u00a0\u00bb.vc_custom_1527690588959{background-color: #ffffff !important;}\u00a0\u00bb][vc_column icons_position=\u00a0\u00bbleft\u00a0\u00bb][vc_column_text]<\/p>\n<h2>Mentions l\u00e9gales<\/h2>\n<h5>Identification du site<\/h5>\n<p>Nom de site : acropoleaventure.com<br \/>\nURL compl\u00e8te du site : <a href=\"https:\/\/www.acropoleaventure.com\">https:\/\/www.acropoleaventure.com<\/a><\/p>\n<h6>H\u00e9bergement:<\/h6>\n<p>Ce site est h\u00e9berg\u00e9 par la soci\u00e9t\u00e9 OVH : <a href=\"https:\/\/www.ovh.com\" target=\"_blank\" rel=\"noopener noreferrer\">https:\/\/www.ovh.com<\/a><br \/>\nLe nom de domaine est h\u00e9berg\u00e9 par la soci\u00e9t\u00e9 OVH : <a href=\"http:\/\/www.ovh.com target=\">ovh.com<\/a><br \/>\nOVH SAS au capital de 10 069 020 \u20ac RCS Lille M\u00e9tropole 424 761 419 00045<br \/>\nSi\u00e8ge social : 2 rue Kellermann &#8211; 59100 Roubaix &#8211; France.<\/p>\n<h5>Identification de l&rsquo;\u00e9diteur<\/h5>\n<p>Le pr\u00e9sent site est la propri\u00e9t\u00e9 de :<br \/>\n<strong>ACRO P\u00d4LE AVENTURE<\/strong><br \/>\nquartier Patte,<br \/>\n26160 COMPS &#8211; France<br \/>\nN\u00b0 de t\u00e9l\u00e9phone : 04 75 52 21 19<br \/>\nPour nous contacter : accrochefil@gmail.com<\/p>\n<p>Depuis 2025, la soci\u00e9t\u00e9 <strong>ACCROCHE FIL Eurl<\/strong> est en location g\u00e9rance du site d&rsquo;Acro P\u00f4le Aventure.<\/p>\n<p>La structure g\u00e9n\u00e9rale du site, les textes et les images, sont la propri\u00e9t\u00e9 et sous la responsabilit\u00e9 \u00e9ditoriale de la soci\u00e9t\u00e9 ACRO P\u00d4LE AVENTURE.<\/p>\n<p>Aucune reproduction, int\u00e9grale ou partielle, des textes ou des photos n&rsquo;est autoris\u00e9e sans l&rsquo;acceptation pr\u00e9alable de ACRO P\u00d4LE AVENTURE.<\/p>\n<h5>Publication du site<\/h5>\n<p>Directeur de publication : M. Mauchr\u00e9tien P.<\/p>\n<h5>Droit d&rsquo;acc\u00e8s aux donn\u00e9es<\/h5>\n<p>Vous disposez d\u2019un droit d\u2019acc\u00e8s, de modification, de rectification et de suppression des donn\u00e9es qui vous concernent (art. 34 de la Loi \u00ab Informatiques et libert\u00e9s \u00bb du 6 janvier 1978).<br \/>\nPour l\u2019exercer, contactez-nous \u00e0 :<\/p>\n<p><strong>Acro P\u00f4le Aventure<\/strong><br \/>\n60 chemin de Brachet<br \/>\n26220 Comps<br \/>\nPays de Dieulefit<\/p>\n<p>Tous les \u00e9l\u00e9ments du pr\u00e9sent site Internet (notamment les marques d\u00e9pos\u00e9es, noms de domaine, les textes, graphismes, logos, sons, photos et animations ainsi que toutes formes graphiques et audiovisuelles) sont la propri\u00e9t\u00e9 de la soci\u00e9t\u00e9 ACRO P\u00d4LE AVENTURE, \u00e0 l&rsquo;exclusion des \u00e9l\u00e9ments \u00e9manant de ses partenaires.<\/p>\n<p>Tous les droits de reproduction sont r\u00e9serv\u00e9s, y compris pour les documents t\u00e9l\u00e9chargeables et les repr\u00e9sentations textuelles, iconographiques ou photographiques. La reproduction, et\/ou imitation, et\/ou repr\u00e9sentation, et\/ou rediffusion de tout ou partie du site Internet sur un support \u00e9lectronique quel qu&rsquo;il soit est formellement interdite sauf accord expresse.<\/p>\n<p>Les informations transmises au visiteur le sont uniquement \u00e0 titre personnel, et en vue d&rsquo;un usage strictement personnel. Le non-respect de ces dispositions est susceptible de constituer un acte de contrefa\u00e7on engageant les responsabilit\u00e9s civile et p\u00e9nale de tout contrevenant.<\/p>\n<p>De m\u00eame, les bases de donn\u00e9es d&rsquo;informations sont prot\u00e9g\u00e9es au titre du droit applicable aux compilations de donn\u00e9es. De sorte que toute extraction ou tentative d&rsquo;extraction, fut-elle totale ou partielle des donn\u00e9es contenues sur ce pr\u00e9sent site est susceptible d&rsquo;engager les responsabilit\u00e9s civile et p\u00e9nale de tout contrevenant.<\/p>\n<h5>Finalit\u00e9 du traitement<\/h5>\n<p>Les donn\u00e9es \u00e0 caract\u00e8re personnel de l&rsquo;Utilisateur collect\u00e9s aupr\u00e8s de lui et trait\u00e9es par ACRO P\u00d4LE AVENTURE ont pour finalit\u00e9 de permettre :<\/p>\n<ul>\n<li>d&rsquo;\u00e9tablir des statistiques g\u00e9n\u00e9rales sur le trafic de son Site Internet et des diff\u00e9rentes rubriques qu&rsquo;il contient;<\/li>\n<li>d&rsquo;envoyer par courrier \u00e9lectronique \u00e0 l&rsquo;utilisateur les r\u00e9ponses, informations diverses ou annonces publi\u00e9es sur le Site Internet par ACRO P\u00d4LE AVENTURE ou \u00e0 des tiers Partenaires<\/li>\n<li>d&rsquo;envoyer par courrier \u00e9lectronique \u00e0 l&rsquo;utilisateur des infolettres (\u00ab\u00a0newsletter\u00a0\u00bb) sur l&rsquo;\u00e9volution du Site Internet, des nouveaut\u00e9s et des diff\u00e9rentes rubriques dudit Site Internet;<\/li>\n<\/ul>\n<h5>Liens hypertextes<\/h5>\n<p>La mise en place d&rsquo;un lien hypertexte vers le site <a href=\"https:\/\/www.acropoleaventure.com\">https:\/\/www.acropoleaventure.com<\/a> n\u00e9cessite une autorisation pr\u00e9alable de ACRO P\u00d4LE AVENTURE. Dans ce cas il vous est possible de prendre contact avec les services de la soci\u00e9t\u00e9. La mise en place d&rsquo;un tel lien apr\u00e8s autorisation pourra \u00eatre valable sur diff\u00e9rents supports, \u00e0 l&rsquo;exception de ceux diffusant des informations \u00e0 caract\u00e8re politique, religieux, pornographique, x\u00e9nophobe ou pouvant porter atteinte \u00e0 la sensibilit\u00e9 du plus grand nombre, ou encore contraires aux dispositions l\u00e9gales en vigueur. A cet \u00e9gard, la soci\u00e9t\u00e9 ACRO P\u00d4LE AVENTURE se r\u00e9serve un droit d&rsquo;opposition sur tout lien mis en place sans son autorisation et pouvant porter atteinte \u00e0 son image, ses activit\u00e9s, ses valeurs, sa r\u00e9putation, ou sa notori\u00e9t\u00e9.<\/p>\n<p>La mise en place d&rsquo;un logo \u00ab\u00a0ACRO P\u00d4LE AVENTURE\u00a0\u00bb &#8211; associ\u00e9 \u00e0 un lien hypertexte &#8211; n\u00e9cessite l&rsquo;autorisation expresse et pr\u00e9alable du Directeur de publication . En effet, la mise en place technique de celui-ci, n\u00e9cessite d&rsquo;une part, le respect d&rsquo;une charte graphique, mais \u00e9galement, d&rsquo;autre part, la validation d&rsquo;un positionnement graphique sp\u00e9cifique.<\/p>\n<p>ACRO P\u00d4LE AVENTURE ne pourra en aucun cas \u00eatre tenu pour responsable de la mise \u00e0 disposition des sites partenaires qui font l&rsquo;objet d&rsquo;un lien hypertexte \u00e0 partir du site <a href=\"https:\/\/www.acropoleaventure.com\">https:\/\/www.acropoleaventure.com<\/a> et ne peut supporter aucune responsabilit\u00e9 sur le contenu, les produits, les services, etc. disponibles sur ces sites ou \u00e0 partir de ces sites.<\/p>\n<h6>Responsabilit\u00e9s<\/h6>\n<p>L&rsquo;internaute utilise le site d&rsquo;acropoleaventure.com \u00e0 ses seuls risques. La soci\u00e9t\u00e9 ACRO P\u00d4LE AVENTURE ne pourra \u00eatre tenu responsable des dommages directs ou indirects, et notamment des pr\u00e9judices mat\u00e9riels, pertes de donn\u00e9es ou de programmes, pr\u00e9judices financiers, r\u00e9sultant de l&rsquo;acc\u00e8s ou de l&rsquo;utilisation du site d&rsquo;acropoleaventure ou de tous sites qui lui sont li\u00e9s.<\/p>\n<p>Le contenu du site est pr\u00e9sent\u00e9 sans aucune garantie de quelque nature que ce soit. Toutes les informations donn\u00e9es sur le site d&rsquo;acropoleaventure.com ne sont donn\u00e9es qu&rsquo;\u00e0 titre indicatif et ne sauraient \u00eatre consid\u00e9r\u00e9es comme constituant une offre contractuelle ferme, pr\u00e9cise et non \u00e9quivoque de produits ou services \u00e9manant d&rsquo;ACRO P\u00d4LE AVENTURE ou des membres du r\u00e9seau des chambres de commerce et d&rsquo;industrie. De plus, des erreurs ou omissions peuvent survenir.<\/p>\n<h5>Droits applicables<\/h5>\n<p>Le pr\u00e9sent site est soumis aux dispositions du droit interne fran\u00e7ais. La langue par d\u00e9faut du site est la langue fran\u00e7aise. D&rsquo;autres langues peuvent \u00eatre n\u00e9anmoins propos\u00e9es \u00e0 titre informatif.<\/p>\n<h5>Mise \u00e0 jour du site<\/h5>\n<p>Le site est mis \u00e0 jour r\u00e9guli\u00e8rement par les services d&rsquo;ACRO P\u00d4LE AVENTURE. De la m\u00eame fa\u00e7on, les mentions l\u00e9gales peuvent \u00eatre modifi\u00e9es \u00e0 tout moment : elles s&rsquo;imposent n\u00e9anmoins \u00e0 l&rsquo;internaute qui est invit\u00e9 \u00e0 s&rsquo;y r\u00e9f\u00e9rer le plus souvent possible afin d&rsquo;en prendre connaissance.<\/p>\n<p>&nbsp;<\/p>\n<div class=\"sc_section_button sc_item_button\"><a class=\"sc_button sc_button_square sc_button_style_filled sc_button_size_medium sc_button_hover_fade\" href=\"https:\/\/www.acropoleaventure.com\/reservation\/conditions-generales-de-vente\/\">Lire nos conditions de vente<\/a><\/div>\n<p>[\/vc_column_text][vc_empty_space height=\u00a0\u00bb4em\u00a0\u00bb alter_height=\u00a0\u00bbnone\u00a0\u00bb hide_on_mobile=\u00a0\u00bb\u00a0\u00bb hide_on_desktop=\u00a0\u00bb\u00a0\u00bb hide_on_notebook=\u00a0\u00bb\u00a0\u00bb hide_on_tablet=\u00a0\u00bb\u00a0\u00bb][\/vc_column][\/vc_row]<\/p>\n","protected":false},"excerpt":{"rendered":"<p>[vc_row hide_bg_image_on_tablet=\u00a0\u00bb\u00a0\u00bb hide_bg_image_on_mobile=\u00a0\u00bb\u00a0\u00bb css=\u00a0\u00bb.vc_custom_1527690588959{background-color: #ffffff !important;}\u00a0\u00bb][vc_column icons_position=\u00a0\u00bbleft\u00a0\u00bb][vc_column_text] Mentions l\u00e9gales Identification du site Nom de site : acropoleaventure.com URL compl\u00e8te du site : https:\/\/www.acropoleaventure.com H\u00e9bergement: Ce site est h\u00e9berg\u00e9 par la [&hellip;]<\/p>\n","protected":false},"author":1,"featured_media":0,"parent":0,"menu_order":0,"comment_status":"closed","ping_status":"closed","template":"","meta":{"footnotes":""},"class_list":["post-993","page","type-page","status-publish","hentry"],"_links":{"self":[{"href":"https:\/\/www.acropoleaventure.com\/reservation\/wp-json\/wp\/v2\/pages\/993","targetHints":{"allow":["GET"]}}],"collection":[{"href":"https:\/\/www.acropoleaventure.com\/reservation\/wp-json\/wp\/v2\/pages"}],"about":[{"href":"https:\/\/www.acropoleaventure.com\/reservation\/wp-json\/wp\/v2\/types\/page"}],"author":[{"embeddable":true,"href":"https:\/\/www.acropoleaventure.com\/reservation\/wp-json\/wp\/v2\/users\/1"}],"replies":[{"embeddable":true,"href":"https:\/\/www.acropoleaventure.com\/reservation\/wp-json\/wp\/v2\/comments?post=993"}],"version-history":[{"count":8,"href":"https:\/\/www.acropoleaventure.com\/reservation\/wp-json\/wp\/v2\/pages\/993\/revisions"}],"predecessor-version":[{"id":3226,"href":"https:\/\/www.acropoleaventure.com\/reservation\/wp-json\/wp\/v2\/pages\/993\/revisions\/3226"}],"wp:attachment":[{"href":"https:\/\/www.acropoleaventure.com\/reservation\/wp-json\/wp\/v2\/media?parent=993"}],"curies":[{"name":"wp","href":"https:\/\/api.w.org\/{rel}","templated":true}]}}