{"id":975,"date":"2021-03-05T11:01:25","date_gmt":"2021-03-05T10:01:25","guid":{"rendered":"https:\/\/www.acropoleaventure.com\/reservation\/?page_id=975"},"modified":"2021-03-12T16:53:42","modified_gmt":"2021-03-12T15:53:42","slug":"conditions-generales-de-vente","status":"publish","type":"page","link":"https:\/\/www.acropoleaventure.com\/reservation\/conditions-generales-de-vente\/","title":{"rendered":"Conditions g\u00e9n\u00e9rales de vente"},"content":{"rendered":"<p>[vc_row hide_bg_image_on_tablet=\u00a0\u00bb\u00a0\u00bb hide_bg_image_on_mobile=\u00a0\u00bb\u00a0\u00bb css=\u00a0\u00bb.vc_custom_1527690588959{background-color: #ffffff !important;}\u00a0\u00bb][vc_column icons_position=\u00a0\u00bbleft\u00a0\u00bb][vc_column_text]<\/p>\n<h2>Conditions g\u00e9n\u00e9rales de vente<\/h2>\n<h5>INTRODUCTION<\/h5>\n<p>Les pr\u00e9sentes conditions de vente sont conclues d&rsquo;une part par la soci\u00e9t\u00e9 ACRO P\u00d4LE AVENTURE, au capital de 8000\u20ac dont le si\u00e8ge social est situ\u00e9 quartier Patte 26220 Comps; immatricul\u00e9 au RCS de Romans sous le num\u00e9ro : 481 649 713. D\u00e9nomm\u00e9e ci dessous APA.<br \/>\nEt d&rsquo;autre part par toute autre soci\u00e9t\u00e9 ou collectivit\u00e9 faisant appel aux services d&rsquo; APA.<\/p>\n<p>L&rsquo;accord d&rsquo;un devis implique une acceptation sans r\u00e9serve par le client des pr\u00e9sentes conditions de vente.<br \/>\nElles pr\u00e9vaudront sur toutes autres conditions g\u00e9n\u00e9rales ou particuli\u00e8res non express\u00e9ment agr\u00e9\u00e9es par APA.<br \/>\nAPA se r\u00e9serve le droit de modifier \u00e0 tout moment ses conditions de vente. Les conditions applicables seront celles en vigueur \u00e0 la date de l&rsquo;acceptation du devis.<\/p>\n<p><strong>Attention, les activit\u00e9s que nous proposons sont li\u00e9es aux conditions climatiques. Elles peuvent \u00eatre annul\u00e9es ou modifi\u00e9es pour des raisons de s\u00e9curit\u00e9.<br \/>\nEn cas d&rsquo;annulation pour cause d&rsquo;intemp\u00e9ries et dans l&rsquo;impossibilit\u00e9 de reporter ou d&rsquo;adapter l&rsquo;activit\u00e9, l&rsquo;acompte sera restitu\u00e9.<\/strong>[\/vc_column_text][vc_empty_space height=\u00a0\u00bb2em\u00a0\u00bb alter_height=\u00a0\u00bbnone\u00a0\u00bb hide_on_mobile=\u00a0\u00bb\u00a0\u00bb hide_on_desktop=\u00a0\u00bb\u00a0\u00bb hide_on_notebook=\u00a0\u00bb\u00a0\u00bb hide_on_tablet=\u00a0\u00bb\u00a0\u00bb][\/vc_column][\/vc_row][vc_row hide_bg_image_on_tablet=\u00a0\u00bb\u00a0\u00bb hide_bg_image_on_mobile=\u00a0\u00bb\u00a0\u00bb css=\u00a0\u00bb.vc_custom_1527690597112{background-color: #ffffff !important;}\u00a0\u00bb][vc_column icons_position=\u00a0\u00bbleft\u00a0\u00bb][vc_column_text]<\/p>\n<h5>LES PRIX :<\/h5>\n<p>Les prix s&rsquo;entendent en Euros.<br \/>\nLes prix ne comprennent pas le transport et les d\u00e9penses personnelles.<br \/>\nLes prestations de services sont fournies aux tarifs en vigueur au jour de la passation de la commande, selon le devis pr\u00e9alablement \u00e9tabli par APA et accept\u00e9 par le client.<br \/>\nUne facture faisant ressortir la TVA est \u00e9tablie par APA et remise au client apr\u00e8s chaque prestation.[\/vc_column_text][vc_empty_space height=\u00a0\u00bb2em\u00a0\u00bb alter_height=\u00a0\u00bbnone\u00a0\u00bb hide_on_mobile=\u00a0\u00bb\u00a0\u00bb hide_on_desktop=\u00a0\u00bb\u00a0\u00bb hide_on_notebook=\u00a0\u00bb\u00a0\u00bb hide_on_tablet=\u00a0\u00bb\u00a0\u00bb][\/vc_column][\/vc_row][vc_row hide_bg_image_on_tablet=\u00a0\u00bb\u00a0\u00bb hide_bg_image_on_mobile=\u00a0\u00bb\u00a0\u00bb css=\u00a0\u00bb.vc_custom_1527690601612{background-color: #ffffff !important;}\u00a0\u00bb][vc_column icons_position=\u00a0\u00bbleft\u00a0\u00bb][vc_column_text]<\/p>\n<h5>REGLEMENT :<\/h5>\n<p>Toute demande faite par t\u00e9l\u00e9phone doit \u00eatre confirm\u00e9e et accept\u00e9e par courrier ou par email.<br \/>\nL&rsquo;inscription \u00e0 une activit\u00e9 ou \u00e0 un projet implique le versement, \u00e0 titre d&rsquo;acompte, par le client d&rsquo;une somme \u00e9gale \u00e0 30% du montant global. Une r\u00e9servation est ferme et d\u00e9finitive \u00e0 r\u00e9ception de<br \/>\nl&rsquo;acompte pr\u00e9vu. Le paiement du solde doit \u00eatre effectu\u00e9, au plus tard un mois apr\u00e8s la prestation.<br \/>\nToutes les factures non pay\u00e9es \u00e0 la date convenue donneront lieu \u00e0 l&rsquo;application des p\u00e9nalit\u00e9s pr\u00e9vues \u00e0 l&rsquo;article 33 de l&rsquo;ordonnance 01 d\u00e9cembre 1986, modifi\u00e9 par la loi 92-1442 du 31 d\u00e9cembre 1992. Leur taux sera \u00e9gal \u00e0 trois fois le taux d&rsquo;int\u00e9r\u00eat l\u00e9gal en vigueur. Les p\u00e9nalit\u00e9s encourues feront l&rsquo;objet d&rsquo;une facturation s\u00e9par\u00e9e.<\/p>\n<h6>ACOMPTE (30% du montant TTC de la prestation) :<\/h6>\n<p>En cas d&rsquo;annulation de la commande par le client, pour quelques raisons que ce soit, l&rsquo;acompte vers\u00e9 \u00e0 la commande sera de plein droit acquis \u00e0 APA et ne pourra donner lieu \u00e0 un quelconque remboursement.<\/p>\n<p>[\/vc_column_text][vc_empty_space height=\u00a0\u00bb2em\u00a0\u00bb alter_height=\u00a0\u00bbnone\u00a0\u00bb hide_on_mobile=\u00a0\u00bb\u00a0\u00bb hide_on_desktop=\u00a0\u00bb\u00a0\u00bb hide_on_notebook=\u00a0\u00bb\u00a0\u00bb hide_on_tablet=\u00a0\u00bb\u00a0\u00bb][\/vc_column][\/vc_row][vc_row hide_bg_image_on_tablet=\u00a0\u00bb\u00a0\u00bb hide_bg_image_on_mobile=\u00a0\u00bb\u00a0\u00bb css=\u00a0\u00bb.vc_custom_1527690606563{background-color: #ffffff !important;}\u00a0\u00bb][vc_column icons_position=\u00a0\u00bbleft\u00a0\u00bb][vc_column_text]<\/p>\n<h5>DELAI DE REGLEMENT :<\/h5>\n<p>Le prix est payable en totalit\u00e9 et en une seule fois dans un d\u00e9lai de 30 jours \u00e0 compter de la fourniture des prestations command\u00e9es.<br \/>\nAucun escompte ne sera pratiqu\u00e9 par APA pour paiement comptant ou dans un d\u00e9lai inf\u00e9rieur \u00e0 celui figurant aux pr\u00e9sentes conditions.<\/p>\n<h6>PENALITES DE RETARD :<\/h6>\n<p>En cas de retard de paiement et de versement des sommes d\u00fbes par le client au dela du d\u00e9lai ci-dessus fix\u00e9 et apr\u00e8s la date de paiement figurant sur la facture adress\u00e9 \u00e0 celui-ci, des p\u00e9nalit\u00e9s de retard calcul\u00e9es au taux mensuel de 5% du montant TTC des prestations d\u00fbes, seront automatiquement et de plein droit acquisent \u00e0 APA, sans formalit\u00e9 aucune ni mise en demeure pr\u00e9alable et entrainera l&rsquo;exigibilit\u00e9 imm\u00e9diate des sommes d\u00fbes.<br \/>\nEn cas de non respect des conditions de paiement figurant ci-dessus, APA se r\u00e9serve le droit de suspendre la fourniture des prestations de services command\u00e9es par le client.[\/vc_column_text][vc_empty_space height=\u00a0\u00bb2em\u00a0\u00bb alter_height=\u00a0\u00bbnone\u00a0\u00bb hide_on_mobile=\u00a0\u00bb\u00a0\u00bb hide_on_desktop=\u00a0\u00bb\u00a0\u00bb hide_on_notebook=\u00a0\u00bb\u00a0\u00bb hide_on_tablet=\u00a0\u00bb\u00a0\u00bb][\/vc_column][\/vc_row][vc_row hide_bg_image_on_tablet=\u00a0\u00bb\u00a0\u00bb hide_bg_image_on_mobile=\u00a0\u00bb\u00a0\u00bb css=\u00a0\u00bb.vc_custom_1527690611459{background-color: #ffffff !important;}\u00a0\u00bb][vc_column icons_position=\u00a0\u00bbleft\u00a0\u00bb][vc_column_text]<\/p>\n<h5>MODALITE DE FOURNITURE DES PRESTATIONS :<\/h5>\n<p>Les prestations de services command\u00e9es par le client seront fournies aux dates indiqu\u00e9es sur le devis, sous condition de l&rsquo;acompte exigible.<br \/>\nLa responsabilit\u00e9 d&rsquo;APA ne pourra en aucun cas \u00eatre engag\u00e9e en cas de retard ou de suspension de la fourniture de la prestation imputable au client, ou en cas de force majeure.<br \/>\nLa fourniture des prestations de service pourra avoir lieu en tout lieu d\u00e9sign\u00e9 par le client sous r\u00e9serve d&rsquo;acceptation d&rsquo;APA.<\/p>\n<p>A d\u00e9faut de r\u00e9serves ou r\u00e9clamation express\u00e9ment \u00e9mises par le client lors de la r\u00e9ception des prestations, celles-ci seront r\u00e9put\u00e9es conformes \u00e0 la commande, en quantit\u00e9 et qualit\u00e9.<br \/>\nLe client disposera d&rsquo;un d\u00e9lai de 7 jours, \u00e0 compter de la fourniture des prestations pour \u00e9mettre par \u00e9crit de telles r\u00e9serves ou r\u00e9clamations, avec tous les justificatifs y aff\u00e9rents aupr\u00e8s d&rsquo;APA.<br \/>\nAPA rectifiera dans les plus brefs d\u00e9lais, et \u00e0 ses frais les prestations fournies dont le d\u00e9faut de conformit\u00e9 aura \u00e9t\u00e9 d\u00fbment prouv\u00e9 par le client.<\/p>\n<p>[\/vc_column_text][vc_empty_space height=\u00a0\u00bb2em\u00a0\u00bb alter_height=\u00a0\u00bbnone\u00a0\u00bb hide_on_mobile=\u00a0\u00bb\u00a0\u00bb hide_on_desktop=\u00a0\u00bb\u00a0\u00bb hide_on_notebook=\u00a0\u00bb\u00a0\u00bb hide_on_tablet=\u00a0\u00bb\u00a0\u00bb][\/vc_column][\/vc_row][vc_row hide_bg_image_on_tablet=\u00a0\u00bb\u00a0\u00bb hide_bg_image_on_mobile=\u00a0\u00bb\u00a0\u00bb css=\u00a0\u00bb.vc_custom_1527690611459{background-color: #ffffff !important;}\u00a0\u00bb][vc_column icons_position=\u00a0\u00bbleft\u00a0\u00bb][vc_column_text]<\/p>\n<h5>DROIT DE PROPRIETE INTELLECTUELLE :<\/h5>\n<p>APA reste propri\u00e9taire de tous les droits de propri\u00e9t\u00e9 intellectuelle sur les \u00e9tudes, dessins, mod\u00e8les, etc&#8230; sans l&rsquo;autorisation expresse, \u00e9crite et pr\u00e9alable d&rsquo;APA, qui peut la conditionner \u00e0 une contrepartie financi\u00e8re.[\/vc_column_text][vc_empty_space height=\u00a0\u00bb2em\u00a0\u00bb alter_height=\u00a0\u00bbnone\u00a0\u00bb hide_on_mobile=\u00a0\u00bb\u00a0\u00bb hide_on_desktop=\u00a0\u00bb\u00a0\u00bb hide_on_notebook=\u00a0\u00bb\u00a0\u00bb hide_on_tablet=\u00a0\u00bb\u00a0\u00bb][\/vc_column][\/vc_row][vc_row hide_bg_image_on_tablet=\u00a0\u00bb\u00a0\u00bb hide_bg_image_on_mobile=\u00a0\u00bb\u00a0\u00bb css=\u00a0\u00bb.vc_custom_1527690611459{background-color: #ffffff !important;}\u00a0\u00bb][vc_column icons_position=\u00a0\u00bbleft\u00a0\u00bb][vc_column_text]<\/p>\n<h5>ANNULATION DU FAIT DU CLIENT :<\/h5>\n<p>Dans tous les cas, l&rsquo;annulation, apr\u00e8s versement de l&rsquo;acompte, doit \u00eatre signifi\u00e9 \u00e0 APA par lettre<br \/>\nrecommand\u00e9 avec accus\u00e9 de r\u00e9ception.<\/p>\n<p>En cas d&rsquo;annulation il sera retenu par APA un pourcentage tel que suit :<\/p>\n<ul>\n<li>de 30 \u00e0 21 jours de la prestation, 30% du co\u00fbt global.<\/li>\n<li>De 20 \u00e0 8 jours de la prestation, 50% du co\u00fbt global.<\/li>\n<li>De 7 \u00e0 3 jours de la prestation, 75% du co\u00fbt global<\/li>\n<li>Moins de 3 jours, 100% de la prestation.<\/li>\n<\/ul>\n<p>Aucun remboursement ne peut intervenir si le client ne se pr\u00e9sente pas aux lieux et heures indiqu\u00e9s sur le devis ou transmis au pr\u00e9alable par mail ou par courrier.[\/vc_column_text][vc_empty_space height=\u00a0\u00bb2em\u00a0\u00bb alter_height=\u00a0\u00bbnone\u00a0\u00bb hide_on_mobile=\u00a0\u00bb\u00a0\u00bb hide_on_desktop=\u00a0\u00bb\u00a0\u00bb hide_on_notebook=\u00a0\u00bb\u00a0\u00bb hide_on_tablet=\u00a0\u00bb\u00a0\u00bb][\/vc_column][\/vc_row][vc_row hide_bg_image_on_tablet=\u00a0\u00bb\u00a0\u00bb hide_bg_image_on_mobile=\u00a0\u00bb\u00a0\u00bb css=\u00a0\u00bb.vc_custom_1527690611459{background-color: #ffffff !important;}\u00a0\u00bb][vc_column icons_position=\u00a0\u00bbleft\u00a0\u00bb][vc_column_text]<\/p>\n<h5>MODIFICATION OU ANNULATION PAR L&rsquo;ORGANISATEUR :<\/h5>\n<p>APA se r\u00e9serve le droit, pour des raisons de s\u00e9curit\u00e9 ou de manque de participants de modifier ou d&rsquo;annuler une prestation.<br \/>\nDans ce cas APA s&rsquo;efforcera de proposer une prestation au moins \u00e9quivalente \u00e0 celle initialement accept\u00e9e.[\/vc_column_text][vc_empty_space height=\u00a0\u00bb2em\u00a0\u00bb alter_height=\u00a0\u00bbnone\u00a0\u00bb hide_on_mobile=\u00a0\u00bb\u00a0\u00bb hide_on_desktop=\u00a0\u00bb\u00a0\u00bb hide_on_notebook=\u00a0\u00bb\u00a0\u00bb hide_on_tablet=\u00a0\u00bb\u00a0\u00bb][\/vc_column][\/vc_row][vc_row hide_bg_image_on_tablet=\u00a0\u00bb\u00a0\u00bb hide_bg_image_on_mobile=\u00a0\u00bb\u00a0\u00bb css=\u00a0\u00bb.vc_custom_1527690611459{background-color: #ffffff !important;}\u00a0\u00bb][vc_column icons_position=\u00a0\u00bbleft\u00a0\u00bb][vc_column_text]<\/p>\n<h5>MODIFICATION PAR LE CLIENT :<\/h5>\n<p>Les \u00e9ventuelles modifications de la commande demand\u00e9e par le client ne seront prises en compte, dans la limite des possibilit\u00e9s d&rsquo;APA, que si elles sont notifi\u00e9es par \u00e9crit, 7 jours au moins, avant la date pr\u00e9vue pour la fourniture des prestations command\u00e9es ; apr\u00e8s signature par le client d&rsquo;un nouveau devis et ajustement \u00e9ventuel du prix.[\/vc_column_text][vc_empty_space height=\u00a0\u00bb2em\u00a0\u00bb alter_height=\u00a0\u00bbnone\u00a0\u00bb hide_on_mobile=\u00a0\u00bb\u00a0\u00bb hide_on_desktop=\u00a0\u00bb\u00a0\u00bb hide_on_notebook=\u00a0\u00bb\u00a0\u00bb hide_on_tablet=\u00a0\u00bb\u00a0\u00bb][\/vc_column][\/vc_row][vc_row hide_bg_image_on_tablet=\u00a0\u00bb\u00a0\u00bb hide_bg_image_on_mobile=\u00a0\u00bb\u00a0\u00bb css=\u00a0\u00bb.vc_custom_1527690611459{background-color: #ffffff !important;}\u00a0\u00bb][vc_column icons_position=\u00a0\u00bbleft\u00a0\u00bb][vc_column_text]<\/p>\n<h5>ASSURANCE :<\/h5>\n<p>APA dispose d&rsquo;une assurance responsabilit\u00e9 civile professionnelle. Les intervenants dipl\u00f4m\u00e9s ind\u00e9pendants poss\u00e8dent leur propre assurance responsabilit\u00e9 civile professionnelle. Cependant il est recommand\u00e9 pour chaque participant de disposer d&rsquo;une assurance multi-sport.[\/vc_column_text][vc_empty_space height=\u00a0\u00bb2em\u00a0\u00bb alter_height=\u00a0\u00bbnone\u00a0\u00bb hide_on_mobile=\u00a0\u00bb\u00a0\u00bb hide_on_desktop=\u00a0\u00bb\u00a0\u00bb hide_on_notebook=\u00a0\u00bb\u00a0\u00bb hide_on_tablet=\u00a0\u00bb\u00a0\u00bb][\/vc_column][\/vc_row][vc_row hide_bg_image_on_tablet=\u00a0\u00bb\u00a0\u00bb hide_bg_image_on_mobile=\u00a0\u00bb\u00a0\u00bb css=\u00a0\u00bb.vc_custom_1527690611459{background-color: #ffffff !important;}\u00a0\u00bb][vc_column icons_position=\u00a0\u00bbleft\u00a0\u00bb][vc_column_text]<\/p>\n<h5>LITIGES :<\/h5>\n<p>Tous litiges pouvant r\u00e9sulter de ces pr\u00e9sentes conditions seront du ressort du tribunal de commerce de Romans.[\/vc_column_text][vc_empty_space height=\u00a0\u00bb2em\u00a0\u00bb alter_height=\u00a0\u00bbnone\u00a0\u00bb hide_on_mobile=\u00a0\u00bb\u00a0\u00bb hide_on_desktop=\u00a0\u00bb\u00a0\u00bb hide_on_notebook=\u00a0\u00bb\u00a0\u00bb hide_on_tablet=\u00a0\u00bb\u00a0\u00bb][\/vc_column][\/vc_row][vc_row hide_bg_image_on_tablet=\u00a0\u00bb\u00a0\u00bb hide_bg_image_on_mobile=\u00a0\u00bb\u00a0\u00bb css=\u00a0\u00bb.vc_custom_1527690611459{background-color: #ffffff !important;}\u00a0\u00bb][vc_column icons_position=\u00a0\u00bbleft\u00a0\u00bb][vc_column_text]<\/p>\n<h5>ACCEPTATION DU CLIENT :<\/h5>\n<p>Les pr\u00e9sentes conditions g\u00e9n\u00e9rales de vente sont express\u00e9ment agr\u00e9\u00e9es et accept\u00e9es par le client, qui d\u00e9clare et reconna\u00eet en avoir une parfaite connaissance, et renonce de ce fait \u00e0 se pr\u00e9valoir de tout document contradictoire et notamment, ses propres conditions g\u00e9n\u00e9rales d&rsquo;achat, qui seront inopposables \u00e0 APA m\u00eame si il en a eu connaissance.<\/p>\n<p>&nbsp;<\/p>\n<div class=\"sc_section_button sc_item_button\"><a class=\"sc_button sc_button_square sc_button_style_filled sc_button_size_medium sc_button_hover_fade\" href=\"https:\/\/www.acropoleaventure.com\/reservation\/\">R\u00e9servez votre activit\u00e9 !<\/a><\/div>\n<p>[\/vc_column_text][vc_empty_space height=\u00a0\u00bb4em\u00a0\u00bb alter_height=\u00a0\u00bbnone\u00a0\u00bb hide_on_mobile=\u00a0\u00bb\u00a0\u00bb hide_on_desktop=\u00a0\u00bb\u00a0\u00bb hide_on_notebook=\u00a0\u00bb\u00a0\u00bb hide_on_tablet=\u00a0\u00bb\u00a0\u00bb][\/vc_column][\/vc_row]<\/p>\n","protected":false},"excerpt":{"rendered":"<p>[vc_row hide_bg_image_on_tablet=\u00a0\u00bb\u00a0\u00bb hide_bg_image_on_mobile=\u00a0\u00bb\u00a0\u00bb css=\u00a0\u00bb.vc_custom_1527690588959{background-color: #ffffff !important;}\u00a0\u00bb][vc_column icons_position=\u00a0\u00bbleft\u00a0\u00bb][vc_column_text] Conditions g\u00e9n\u00e9rales de vente INTRODUCTION Les pr\u00e9sentes conditions de vente sont conclues d&rsquo;une part par la soci\u00e9t\u00e9 ACRO P\u00d4LE AVENTURE, au capital de [&hellip;]<\/p>\n","protected":false},"author":1,"featured_media":0,"parent":0,"menu_order":0,"comment_status":"closed","ping_status":"closed","template":"","meta":{"footnotes":""},"class_list":["post-975","page","type-page","status-publish","hentry"],"_links":{"self":[{"href":"https:\/\/www.acropoleaventure.com\/reservation\/wp-json\/wp\/v2\/pages\/975","targetHints":{"allow":["GET"]}}],"collection":[{"href":"https:\/\/www.acropoleaventure.com\/reservation\/wp-json\/wp\/v2\/pages"}],"about":[{"href":"https:\/\/www.acropoleaventure.com\/reservation\/wp-json\/wp\/v2\/types\/page"}],"author":[{"embeddable":true,"href":"https:\/\/www.acropoleaventure.com\/reservation\/wp-json\/wp\/v2\/users\/1"}],"replies":[{"embeddable":true,"href":"https:\/\/www.acropoleaventure.com\/reservation\/wp-json\/wp\/v2\/comments?post=975"}],"version-history":[{"count":16,"href":"https:\/\/www.acropoleaventure.com\/reservation\/wp-json\/wp\/v2\/pages\/975\/revisions"}],"predecessor-version":[{"id":1003,"href":"https:\/\/www.acropoleaventure.com\/reservation\/wp-json\/wp\/v2\/pages\/975\/revisions\/1003"}],"wp:attachment":[{"href":"https:\/\/www.acropoleaventure.com\/reservation\/wp-json\/wp\/v2\/media?parent=975"}],"curies":[{"name":"wp","href":"https:\/\/api.w.org\/{rel}","templated":true}]}}